{"id":2290,"date":"2022-11-08T16:40:29","date_gmt":"2022-11-08T15:40:29","guid":{"rendered":"https:\/\/www.btsbioengineering.com\/privacy-policy-work-with-us\/"},"modified":"2022-12-21T15:11:46","modified_gmt":"2022-12-21T14:11:46","slug":"privacy-policy-lavora-con-noi","status":"publish","type":"page","link":"https:\/\/www.btsbioengineering.com\/it\/privacy-policy-lavora-con-noi\/","title":{"rendered":"Privacy policy &#8211; lavora con noi"},"content":{"rendered":"<p><strong>AREA LAVORA CON NOI &#8211; CANDIDATI, SELEZIONE DEL PERSONALE<\/strong><\/p>\n<p><strong>Documento informativo ai sensi e per gli effetti di cui all\u2019articolo 13 Regolamento (UE) 2016\/679 (GDPR)<\/strong><\/p>\n<p><strong>PERCH\u00c9 QUESTE INFORMAZIONI<\/strong><\/p>\n<p><strong>CHI \u00c8 IL TITOLARE DEL TRATTAMENTO DATI? COME CONTATTARLO?<\/strong><\/p>\n<p>Il Titolare del trattamento dati \u00e8 BTS SPA con sede legale in Garbagnate Milanese Via Forlanini, 40 nella persona del suo Legale Rappresentante pro-tempore, che potr\u00e0 contattare per qualsiasi informazione tramite telefono + 39 02 366 49000 o e-mail privacy@btsbioengineering.com<\/p>\n<p><strong>TIPOLOGIA DI DATI TRATTABILI<\/strong><\/p>\n<p><strong>Dato personale<\/strong>: qualsiasi informazione riguardante una persona fisica identificata o identificabile (\u00abinteressato\u00bb); si considera identificabile la persona fisica che pu\u00f2 essere identificata, direttamente o indirettamente, con particolare riferimento a un identificativo come il nome, un numero di identificazione, dati relativi all&#8217;ubicazione, un identificativo online o a uno o pi\u00f9 elementi caratteristici della sua identit\u00e0 fisica, fisiologica, genetica, psichica, economica, culturale o sociale.<\/p>\n<p><strong>Eventuali Dati particolari<\/strong>: dati personali idonei a rivelare l&#8217;origine razziale o etnica e dati relativi alla salute della persona e in base a Leggi su assunzioni obbligatorie (es. categorie protette e assunzioni obbligatorie come da normative applicabili<\/p>\n<p><strong>FINALIT\u00c0 DEL TRATTAMENTO, BASE GIURIDICA, PERIODO DI CONSERVAZIONE, NATURA DEL CONFERIMENTO<\/strong><\/p>\n<div class=\"wpdt-c wdt-skin-light\">\n<div id=\"table_1_wrapper\" class=\"wpDataTables wpDataTablesWrapper no-footer wpDataTableID-202 wpdt-pagination-right\">\n<table id=\"table_1\" class=\"responsive display nowrap data-t data-t wpDataTable wpDataTableID-202 dataTable no-footer overlayed\" style=\"width: 100%; height: 430px;\" role=\"grid\" data-described-by=\"table_1_desc\" data-wpdatatable_id=\"202\" aria-describedby=\"table_1_info\">\n<thead>\n<tr style=\"height: 47px;\" role=\"row\">\n<th class=\"wdtheader sort expand sorting_disabled column-column1\" style=\"height: 47px; width: 33.6431%;\" data-class=\"expand\">FINALIT\u00c0 DEL TRATTAMENTO<\/th>\n<th class=\"wdtheader sort sorting_disabled column-column3\" style=\"height: 47px; width: 25.8364%;\">BASE GIURIDICA<\/th>\n<th class=\"wdtheader sort sorting_disabled column-column2\" style=\"height: 47px; width: 17.751%;\">PERIODO\u00a0CONSERVAZIONE DATI<\/th>\n<th class=\"wdtheader sort sorting_disabled column-column2\" style=\"height: 47px; width: 31.0409%;\"><strong><span class=\"EOP SCXW19618861 BCX0\" data-ccp-props=\"{&quot;201341983&quot;:0,&quot;335551550&quot;:6,&quot;335551620&quot;:6,&quot;335559739&quot;:0,&quot;335559740&quot;:240}\">NATURA DEL CONFERIMENTO <\/span><\/strong><\/th>\n<\/tr>\n<\/thead>\n<tbody>\n<tr id=\"table_202_row_0\" style=\"height: 215px;\">\n<td style=\"height: 215px; width: 33.6431%;\"><strong>A) Selezione del personale<\/strong>, svolgimento dell&#8217;attivit\u00e0 di ricerca e selezione del personale al fine dell\u2019eventuale instaurazione di un rapporto di lavoro, <em>anche per <strong>eventuali posizioni differenti<\/strong> rispetto a quelle per le quali l\u2019interessato si \u00e8 candidato spontaneamente<\/em>; conservazione dei dati personali <strong><em>anche per future selezioni<\/em><\/strong>; gestione delle candidature in risposta alle offerte di lavoro pubblicate sul nostro sito web; colloqui ed eventuali video-colloqui (trattamento dati anche di immagine\/audio).<\/td>\n<td style=\"height: 215px; width: 25.8364%;\">Il trattamento dati \u00e8 necessario per l\u2019esecuzione di misure precontrattuali<br \/>\nadottate anche su richiesta dell\u2019interessato Art. 6 par. 1 lett. b) del GDPRPer dati particolari Autorizzazione generale n.1 del Garante e Leggi sulle assunzioni obbligatorie<\/td>\n<td style=\"height: 215px; width: 17.751%;\">In linea di principio, i dati raccolti durante il processo di assunzione verranno cancellati non appena evidente che non verr\u00e0 fatta alcuna offerta di impiego o che l&#8217;offerta non sar\u00e0 accettata dal candidato e massimo 24 mesi<\/td>\n<td style=\"height: 215px; width: 31.0409%;\">Il conferimento dei dati personali \u00e8 necessario per trattare i dati per le selezioni<\/p>\n<p>Il mancato conferimento dei dati personali necessari comporta<br \/>\nl&#8217;impossibilit\u00e0 di candidarsi.<\/td>\n<\/tr>\n<tr style=\"height: 48px;\">\n<td style=\"width: 33.6431%; height: 48px;\"><span class=\"TextRun SCXW179751067 BCX0\" lang=\"EN-US\" xml:lang=\"EN-US\" data-contrast=\"auto\"><span class=\"NormalTextRun SCXW179751067 BCX0\" data-ccp-parastyle=\"No Spacing\"><strong>B) Gestione delle sue richieste e <\/strong><strong>richieste di altri interessati, ai sensi art. <\/strong><strong>15 e ss del GDPR<\/strong> (diritti dell\u2019interessato)<\/span><\/span><\/td>\n<td style=\"width: 25.8364%; height: 48px;\">Il trattamento \u00e8 necessario per adempiere un obbligo legale al quale \u00e8 soggetto il titolare del trattamento (C45) Art. 6 par. 1 lett. c) del GDPR<\/td>\n<td style=\"width: 17.751%; height: 48px;\">5 anni dalla chiusura della richiesta, salvo contenziosi<\/td>\n<td style=\"width: 31.0409%; height: 48px;\">Il conferimento dei dati personali \u00e8 obbligatorio, in quanto indispensabile per poter dare esecuzione agli obblighi di Legge.<\/td>\n<\/tr>\n<tr style=\"height: 120px;\">\n<td style=\"width: 33.6431%; height: 120px;\"><strong>C) Selezione del personale, referenze e <\/strong><strong>accertamento del curriculum Vitae<\/strong>: verifica presso gli istituti di formazione\/educativi dichiarati dal candidato, inclusi gli anni frequentati e il titolo\/diploma ricevuto, contatto con le persone elencate, quali referenze dal candidato.<br \/>\nSoggetti terzi, quali a titolo esemplificativo Universit\u00e0 ed Istituti Scolastici, ex datori di lavoro.<\/td>\n<td style=\"width: 25.8364%; height: 120px;\">Il trattamento \u00e8 basato sul consenso al trattamento dei dati personali (C42, C43) Art. 6 par. 1 lett. a) del GDPR<\/td>\n<td style=\"width: 17.751%; height: 120px;\">In linea di principio, i dati raccolti durante il processo di assunzione verranno cancellati non appena evidente che non verr\u00e0 fatta alcuna offerta di impiego o che l&#8217;offerta non sar\u00e0 accettata dal candidato e massimo 24 mesi<\/td>\n<td style=\"width: 31.0409%; height: 120px;\">Il conferimento dei dati personali \u00e8 facoltativo Il mancato<br \/>\nconferimento dei dati personali non comporta l&#8217;impossibilit\u00e0 di<br \/>\nselezione.<\/td>\n<\/tr>\n<\/tbody>\n<\/table>\n<\/div>\n<\/div>\n<p><strong>A CHI VERRANNO COMUNICATI I DATI PERSONALI? DESTINATARI DEI DATI<\/strong><\/p>\n<p>I dati non saranno diffusi.<br \/>\nI dati personali saranno comunicati a soggetti che tratteranno i dati in qualit\u00e0 di Titolari autonomi del trattamento, o Responsabili del trattamento (art. 28 GDPR) e trattati da persone fisiche (art. 29 GDPR) che agiscono sotto l\u2019autorit\u00e0 del Titolare e dei Responsabili sulla base di specifiche istruzioni fornite in ordine a finalit\u00e0 e modalit\u00e0 del trattamento. I dati saranno comunicati a destinatari appartenenti alle seguenti categorie:<br \/>\n&#8211; soggetti che forniscono servizi per la gestione del sistema informativo e delle reti di comunicazione (ivi compresa la posta elettronica e piattaforme\/software); &#8211; studi o Societ\u00e0 nell\u2019ambito di rapporti di assistenza e consulenza; -eventuali soggetti terzi e consulenti del lavoro e societ\u00e0 ai fini di selezione del personale con sede in Italia;<br \/>\n&#8211; Autorit\u00e0 competenti per adempimenti di obblighi di legge e\/o di disposizioni di organi pubblici, su richiesta.<br \/>\nI soggetti appartenenti alle categorie suddette svolgono la funzione di Responsabile del trattamento dei dati, oppure operano in totale autonomia come distinti Titolari del trattamento. L\u2019elenco dei Responsabili del trattamento art. 28 \u00e8 disponibile scrivendo a privacy@btsbioengineering.com o agli altri recapiti sopra indicati.<\/p>\n<p><strong>VI \u00c8 UN TRASFERIMENTO DATI VERSO UN PAESE EXTRA SEE?<\/strong><\/p>\n<p>I dati personali saranno trasferiti in Paesi Extra SEE, al fine di ottemperare a finalit\u00e0 connesse in base alle finalit\u00e0 di trattamento sopra indicate. I dati saranno trasferiti in base all\u2019 Articolo 44 e ss. del GDPR:<br \/>\n&#8211; art. 45 verso Paesi terzi organizzazioni internazionali per cui la Commissione \u00e8 intervenuta con una valutazione di adeguatezza:<br \/>\n&#8211; verso soggetti che abbiano fornito garanzie adeguate, con clausole contrattuali standard (SCC) della Commissione Europea (art. 46, par. 2, lett. c e lett. d).<br \/>\nPer avere informazioni circa le garanzie inerenti il trasferimento di dati fuori dall\u2019SEE scrivere a<br \/>\nprivacy@btsbioengineering.com<\/p>\n<p><strong>VI \u00c8 UN PROCESSO AUTOMATIZZATO?<\/strong><\/p>\n<p>I dati personali saranno sottoposti a trattamento manuale tradizionale, elettronico e automatizzato. Si precisa che non si effettuano processi decisionali completamente automatizzati.<\/p>\n<p><b><span data-contrast=\"auto\">DRITTI DEGLI INTERESSATI<\/span><\/b><\/p>\n<p>Potr\u00e0 far valere i diritti come espressi dagli artt. 15 e s.s. GDPR, Titolare del trattamento all\u2019indirizzo e-mail privacy@btsbioengineering.com, o ai contatti sopra indicati oppure. Lei ha il diritto, in qualunque momento, di chiedere l\u2019accesso ai Suoi dati personali (art.15), la rettifica (art.16),\u00a0 a cancellazione degli stessi (art.17), la limitazione del trattamento (art.18). Il titolare del trattamento comunica (art. 19) a ciascuno dei destinatari cui sono stati trasmessi i dati personali le eventuali rettifiche o cancellazioni o limitazioni del trattamento effettuate. Il titolare del trattamento comunica all&#8217;interessato tali destinatari qualora l&#8217;interessato lo richieda. Nei casi previsti ha il diritto alla portabilit\u00e0 dei suoi dati (art.20) e in tal caso Le verranno forniti in un formato strutturato, di uso comune e leggibile, da dispositivo automatico. Ha il diritto di opporsi nei casi previsti (art.21), in qualsiasi momento, al trattamento dei dati basato sul legittimo interesse, e nei casi in cui la base giuridica sia il consenso, ha il diritto di revocare il consenso prestato senza pregiudicare la liceit\u00e0 del trattamento basata sul consenso prima della revoca. Nel caso in cui ritenga che il trattamento dei dati personali effettuato dal Titolare avvenga in violazione di quanto previsto dal Regolamento (UE) 2016\/679, l\u2019interessato ha diritto di presentare un reclamo all\u2019Autorit\u00e0 di controllo, in particolare nello Stato membro in cui risiede abitualmente o lavora oppure nel luogo ove si \u00e8 verificata la presunta violazione del regolamento (Garante Privacy https:\/\/www.garanteprivacy.it\/), o di adire le opportune sedi giudiziarie.<\/p>\n<p><strong>MODIFICHE INFORMATIVA<\/strong><\/p>\n<p><span data-ccp-props=\"{&quot;201341983&quot;:0,&quot;335551550&quot;:6,&quot;335551620&quot;:6,&quot;335559739&quot;:0,&quot;335559740&quot;:240,&quot;469777462&quot;:[1276],&quot;469777927&quot;:[0],&quot;469777928&quot;:[1]}\">Il titolare potrebbe cambiare, modificare, aggiungere o rimuovere qualsiasi parte della presente Informativa sulla privacy. Al fine di facilitare la verifica di eventuali cambiamenti, l&#8217;informativa conterr\u00e0 l&#8217;indicazione della data di aggiornamento dell&#8217;informativa stessa.<\/span><\/p>\n<p>Data di aggiornamento: 30 novembre 2022<\/p>\n<p><b><span data-contrast=\"auto\"><br \/>\nIl Titolare del trattamento<br \/>\nBTS Spa<br \/>\n<\/span><\/b><\/p>\n<p><span data-ccp-props=\"{&quot;201341983&quot;:0,&quot;335559739&quot;:0,&quot;335559740&quot;:240}\">\u00a0<\/span><\/p>\n","protected":false},"excerpt":{"rendered":"<p>AREA LAVORA CON NOI &#8211; CANDIDATI, SELEZIONE DEL PERSONALE Documento informativo ai sensi e per gli effetti di cui all\u2019articolo 13 Regolamento (UE) 2016\/679 (GDPR) PERCH\u00c9 QUESTE INFORMAZIONI CHI \u00c8 IL TITOLARE DEL TRATTAMENTO DATI? COME CONTATTARLO? Il Titolare del trattamento dati \u00e8 BTS SPA con sede legale in Garbagnate Milanese Via Forlanini, 40 nella [&hellip;]<\/p>\n","protected":false},"author":1,"featured_media":0,"parent":0,"menu_order":6,"comment_status":"closed","ping_status":"closed","template":"","meta":{"_acf_changed":false,"inline_featured_image":false,"footnotes":""},"class_list":["post-2290","page","type-page","status-publish","hentry"],"acf":[],"yoast_head":"<!-- This site is optimized with the Yoast SEO plugin v27.1.1 - https:\/\/yoast.com\/product\/yoast-seo-wordpress\/ -->\n<title>Privacy policy - lavora con noi - BTS<\/title>\n<meta name=\"description\" content=\"AREA LAVORA CON NOI - CANDIDATI, SELEZIONE DEL PERSONALE Documento informativo ai sensi e per gli effetti di cui all\u2019articolo 13 Regolamento (UE) 2016\/679\" \/>\n<meta name=\"robots\" content=\"index, follow, max-snippet:-1, max-image-preview:large, max-video-preview:-1\" \/>\n<link rel=\"canonical\" href=\"https:\/\/www.btsbioengineering.com\/it\/privacy-policy-lavora-con-noi\/\" \/>\n<meta property=\"og:locale\" content=\"it_IT\" \/>\n<meta property=\"og:type\" content=\"article\" \/>\n<meta property=\"og:title\" content=\"Privacy policy - lavora con noi - BTS\" \/>\n<meta property=\"og:description\" content=\"AREA LAVORA CON NOI - CANDIDATI, SELEZIONE DEL PERSONALE Documento informativo ai sensi e per gli effetti di cui all\u2019articolo 13 Regolamento (UE) 2016\/679\" \/>\n<meta property=\"og:url\" content=\"https:\/\/www.btsbioengineering.com\/it\/privacy-policy-lavora-con-noi\/\" \/>\n<meta property=\"og:site_name\" content=\"BTS\" \/>\n<meta property=\"article:modified_time\" content=\"2022-12-21T14:11:46+00:00\" \/>\n<meta name=\"twitter:card\" content=\"summary_large_image\" \/>\n<meta name=\"twitter:label1\" content=\"Tempo di lettura stimato\" \/>\n\t<meta name=\"twitter:data1\" content=\"6 minuti\" \/>\n<script type=\"application\/ld+json\" class=\"yoast-schema-graph\">{\"@context\":\"https:\/\/schema.org\",\"@graph\":[{\"@type\":\"WebPage\",\"@id\":\"https:\/\/www.btsbioengineering.com\/it\/privacy-policy-lavora-con-noi\/\",\"url\":\"https:\/\/www.btsbioengineering.com\/it\/privacy-policy-lavora-con-noi\/\",\"name\":\"Privacy policy - lavora con noi - BTS\",\"isPartOf\":{\"@id\":\"https:\/\/www.btsbioengineering.com\/it\/#website\"},\"datePublished\":\"2022-11-08T15:40:29+00:00\",\"dateModified\":\"2022-12-21T14:11:46+00:00\",\"description\":\"AREA LAVORA CON NOI - CANDIDATI, SELEZIONE DEL PERSONALE Documento informativo ai sensi e per gli effetti di cui all\u2019articolo 13 Regolamento (UE) 2016\/679\",\"breadcrumb\":{\"@id\":\"https:\/\/www.btsbioengineering.com\/it\/privacy-policy-lavora-con-noi\/#breadcrumb\"},\"inLanguage\":\"it-IT\",\"potentialAction\":[{\"@type\":\"ReadAction\",\"target\":[\"https:\/\/www.btsbioengineering.com\/it\/privacy-policy-lavora-con-noi\/\"]}]},{\"@type\":\"BreadcrumbList\",\"@id\":\"https:\/\/www.btsbioengineering.com\/it\/privacy-policy-lavora-con-noi\/#breadcrumb\",\"itemListElement\":[{\"@type\":\"ListItem\",\"position\":1,\"name\":\"Home\",\"item\":\"https:\/\/www.btsbioengineering.com\/it\/\"},{\"@type\":\"ListItem\",\"position\":2,\"name\":\"Privacy policy &#8211; lavora con noi\"}]},{\"@type\":\"WebSite\",\"@id\":\"https:\/\/www.btsbioengineering.com\/it\/#website\",\"url\":\"https:\/\/www.btsbioengineering.com\/it\/\",\"name\":\"BTS\",\"description\":\"\",\"potentialAction\":[{\"@type\":\"SearchAction\",\"target\":{\"@type\":\"EntryPoint\",\"urlTemplate\":\"https:\/\/www.btsbioengineering.com\/it\/?s={search_term_string}\"},\"query-input\":{\"@type\":\"PropertyValueSpecification\",\"valueRequired\":true,\"valueName\":\"search_term_string\"}}],\"inLanguage\":\"it-IT\"}]}<\/script>\n<!-- \/ Yoast SEO plugin. -->","yoast_head_json":{"title":"Privacy policy - lavora con noi - BTS","description":"AREA LAVORA CON NOI - CANDIDATI, SELEZIONE DEL PERSONALE Documento informativo ai sensi e per gli effetti di cui all\u2019articolo 13 Regolamento (UE) 2016\/679","robots":{"index":"index","follow":"follow","max-snippet":"max-snippet:-1","max-image-preview":"max-image-preview:large","max-video-preview":"max-video-preview:-1"},"canonical":"https:\/\/www.btsbioengineering.com\/it\/privacy-policy-lavora-con-noi\/","og_locale":"it_IT","og_type":"article","og_title":"Privacy policy - lavora con noi - BTS","og_description":"AREA LAVORA CON NOI - CANDIDATI, SELEZIONE DEL PERSONALE Documento informativo ai sensi e per gli effetti di cui all\u2019articolo 13 Regolamento (UE) 2016\/679","og_url":"https:\/\/www.btsbioengineering.com\/it\/privacy-policy-lavora-con-noi\/","og_site_name":"BTS","article_modified_time":"2022-12-21T14:11:46+00:00","twitter_card":"summary_large_image","twitter_misc":{"Tempo di lettura stimato":"6 minuti"},"schema":{"@context":"https:\/\/schema.org","@graph":[{"@type":"WebPage","@id":"https:\/\/www.btsbioengineering.com\/it\/privacy-policy-lavora-con-noi\/","url":"https:\/\/www.btsbioengineering.com\/it\/privacy-policy-lavora-con-noi\/","name":"Privacy policy - lavora con noi - BTS","isPartOf":{"@id":"https:\/\/www.btsbioengineering.com\/it\/#website"},"datePublished":"2022-11-08T15:40:29+00:00","dateModified":"2022-12-21T14:11:46+00:00","description":"AREA LAVORA CON NOI - CANDIDATI, SELEZIONE DEL PERSONALE Documento informativo ai sensi e per gli effetti di cui all\u2019articolo 13 Regolamento (UE) 2016\/679","breadcrumb":{"@id":"https:\/\/www.btsbioengineering.com\/it\/privacy-policy-lavora-con-noi\/#breadcrumb"},"inLanguage":"it-IT","potentialAction":[{"@type":"ReadAction","target":["https:\/\/www.btsbioengineering.com\/it\/privacy-policy-lavora-con-noi\/"]}]},{"@type":"BreadcrumbList","@id":"https:\/\/www.btsbioengineering.com\/it\/privacy-policy-lavora-con-noi\/#breadcrumb","itemListElement":[{"@type":"ListItem","position":1,"name":"Home","item":"https:\/\/www.btsbioengineering.com\/it\/"},{"@type":"ListItem","position":2,"name":"Privacy policy &#8211; lavora con noi"}]},{"@type":"WebSite","@id":"https:\/\/www.btsbioengineering.com\/it\/#website","url":"https:\/\/www.btsbioengineering.com\/it\/","name":"BTS","description":"","potentialAction":[{"@type":"SearchAction","target":{"@type":"EntryPoint","urlTemplate":"https:\/\/www.btsbioengineering.com\/it\/?s={search_term_string}"},"query-input":{"@type":"PropertyValueSpecification","valueRequired":true,"valueName":"search_term_string"}}],"inLanguage":"it-IT"}]}},"wps_subtitle":"","_links":{"self":[{"href":"https:\/\/www.btsbioengineering.com\/it\/wp-json\/wp\/v2\/pages\/2290","targetHints":{"allow":["GET"]}}],"collection":[{"href":"https:\/\/www.btsbioengineering.com\/it\/wp-json\/wp\/v2\/pages"}],"about":[{"href":"https:\/\/www.btsbioengineering.com\/it\/wp-json\/wp\/v2\/types\/page"}],"author":[{"embeddable":true,"href":"https:\/\/www.btsbioengineering.com\/it\/wp-json\/wp\/v2\/users\/1"}],"replies":[{"embeddable":true,"href":"https:\/\/www.btsbioengineering.com\/it\/wp-json\/wp\/v2\/comments?post=2290"}],"version-history":[{"count":5,"href":"https:\/\/www.btsbioengineering.com\/it\/wp-json\/wp\/v2\/pages\/2290\/revisions"}],"predecessor-version":[{"id":2295,"href":"https:\/\/www.btsbioengineering.com\/it\/wp-json\/wp\/v2\/pages\/2290\/revisions\/2295"}],"wp:attachment":[{"href":"https:\/\/www.btsbioengineering.com\/it\/wp-json\/wp\/v2\/media?parent=2290"}],"curies":[{"name":"wp","href":"https:\/\/api.w.org\/{rel}","templated":true}]}}